{"id":233,"date":"2019-12-29T18:21:26","date_gmt":"2019-12-29T17:21:26","guid":{"rendered":"https:\/\/www.dixis-sylt.de\/cms\/?page_id=233"},"modified":"2023-02-16T19:29:32","modified_gmt":"2023-02-16T18:29:32","slug":"dessert","status":"publish","type":"page","link":"https:\/\/www.dixis-sylt.de\/cms\/dessert\/","title":{"rendered":"Dessert"},"content":{"rendered":"<h3><\/h3>\n<h3 style=\"text-align: center;\">F\u00fcr den perfekten Abschluss<\/h3>\n<h3><\/h3>\n<h3><\/h3>\n<div class=\"columns-wrapper\">\n<h3 class=\"three-columns\" style=\"text-align: center;\"><strong>\u00a0Eis- Kugeln<\/strong><\/h3>\n<div class=\"three-columns\" style=\"text-align: center;\">verschiedene Sorten, je Kugel<\/div>\n<div class=\"three-columns nomargin\" style=\"text-align: center;\">3,00 \u20ac<\/div>\n<\/div>\n<hr \/>\n<div class=\"columns-wrapper\">\n<h3 class=\"three-columns\" style=\"text-align: center;\"><strong>Sorbet<br \/>\n<\/strong><\/h3>\n<div class=\"three-columns\" style=\"text-align: center;\">\n<p>Mango oder Zitrone, je Kugel<\/p>\n<\/div>\n<div class=\"three-columns nomargin\" style=\"text-align: center;\">3,50 \u20ac<\/div>\n<\/div>\n<hr \/>\n<div class=\"columns-wrapper\">\n<h3 class=\"three-columns\" style=\"text-align: center;\"><strong>Maple Walnuss\u00a0<\/strong><\/h3>\n<div class=\"three-columns\" style=\"text-align: center;\">\n<p>sahniges Eis mit ganzen Walnussst\u00fccken<\/p>\n<\/div>\n<div class=\"three-columns nomargin\" style=\"text-align: center;\">7,90 \u20ac<\/div>\n<\/div>\n<hr \/>\n<div class=\"columns-wrapper\">\n<h3 class=\"three-columns\" style=\"text-align: center;\"><strong>Rote Gr\u00fctze<\/strong><\/h3>\n<div class=\"three-columns\" style=\"text-align: center;\">mit vielen frischen Fr\u00fcchten und fl\u00fcssiger Sahne<\/div>\n<div class=\"three-columns nomargin\" style=\"text-align: center;\">7,90 \u20ac<\/div>\n<\/div>\n<hr \/>\n<div class=\"columns-wrapper\">\n<h3 class=\"three-columns\" style=\"text-align: center;\"><strong>Vanilleeis<\/strong><\/h3>\n<div class=\"three-columns\" style=\"text-align: center;\">3 Kugeln mit hei\u00dfen Himbeeren<\/div>\n<div class=\"three-columns nomargin\" style=\"text-align: center;\">8,90 \u20ac<\/div>\n<div><\/div>\n<\/div>\n<hr \/>\n<div class=\"columns-wrapper\">\n<h3 class=\"three-columns\" style=\"text-align: center;\"><strong>Creme Brulee<\/strong><\/h3>\n<div class=\"three-columns\" style=\"text-align: center;\">mit feinem Walnusseis<\/div>\n<div class=\"three-columns nomargin\" style=\"text-align: center;\">9,90 \u20ac<\/div>\n<\/div>\n<hr \/>\n<div class=\"columns-wrapper\">\n<h3 class=\"three-columns\" style=\"text-align: center;\"><strong>Panna Cotta<\/strong><\/h3>\n<div class=\"three-columns\" style=\"text-align: center;\">mit Rhabarber Ragout und Vanilleeis<\/div>\n<div class=\"three-columns nomargin\" style=\"text-align: center;\">9,90 \u20ac<\/div>\n<\/div>\n<hr \/>\n<div class=\"columns-wrapper\">\n<h3 class=\"three-columns\" style=\"text-align: center;\"><strong>Warmer Schokoladenkuchen<\/strong><\/h3>\n<div class=\"three-columns\" style=\"text-align: center;\">mit Roter Gr\u00fctze und Vanilleeis<\/div>\n<div class=\"three-columns nomargin\" style=\"text-align: center;\">10,90 \u20ac<\/div>\n<\/div>\n<h3><\/h3>\n<h3><\/h3>\n","protected":false},"excerpt":{"rendered":"<p>F\u00fcr den perfekten Abschluss \u00a0Eis- Kugeln verschiedene Sorten, je Kugel 3,00 \u20ac Sorbet Mango oder Zitrone, je Kugel 3,50 \u20ac Maple Walnuss\u00a0 sahniges Eis mit ganzen Walnussst\u00fccken 7,90 \u20ac Rote Gr\u00fctze mit vielen frischen Fr\u00fcchten und fl\u00fcssiger Sahne 7,90 \u20ac Vanilleeis 3 Kugeln mit hei\u00dfen Himbeeren 8,90 \u20ac Creme Brulee mit feinem Walnusseis 9,90 \u20ac [&hellip;]<\/p>\n","protected":false},"author":2,"featured_media":369,"parent":0,"menu_order":0,"comment_status":"closed","ping_status":"closed","template":"","meta":{"footnotes":""},"class_list":["post-233","page","type-page","status-publish","has-post-thumbnail","hentry"],"_links":{"self":[{"href":"https:\/\/www.dixis-sylt.de\/cms\/wp-json\/wp\/v2\/pages\/233","targetHints":{"allow":["GET"]}}],"collection":[{"href":"https:\/\/www.dixis-sylt.de\/cms\/wp-json\/wp\/v2\/pages"}],"about":[{"href":"https:\/\/www.dixis-sylt.de\/cms\/wp-json\/wp\/v2\/types\/page"}],"author":[{"embeddable":true,"href":"https:\/\/www.dixis-sylt.de\/cms\/wp-json\/wp\/v2\/users\/2"}],"replies":[{"embeddable":true,"href":"https:\/\/www.dixis-sylt.de\/cms\/wp-json\/wp\/v2\/comments?post=233"}],"version-history":[{"count":9,"href":"https:\/\/www.dixis-sylt.de\/cms\/wp-json\/wp\/v2\/pages\/233\/revisions"}],"predecessor-version":[{"id":543,"href":"https:\/\/www.dixis-sylt.de\/cms\/wp-json\/wp\/v2\/pages\/233\/revisions\/543"}],"wp:featuredmedia":[{"embeddable":true,"href":"https:\/\/www.dixis-sylt.de\/cms\/wp-json\/wp\/v2\/media\/369"}],"wp:attachment":[{"href":"https:\/\/www.dixis-sylt.de\/cms\/wp-json\/wp\/v2\/media?parent=233"}],"curies":[{"name":"wp","href":"https:\/\/api.w.org\/{rel}","templated":true}]}}