{"id":198,"date":"2019-12-29T17:31:30","date_gmt":"2019-12-29T16:31:30","guid":{"rendered":"https:\/\/www.dixis-sylt.de\/cms\/?page_id=198"},"modified":"2023-12-27T15:56:34","modified_gmt":"2023-12-27T14:56:34","slug":"kinderkarte","status":"publish","type":"page","link":"https:\/\/www.dixis-sylt.de\/cms\/kinderkarte\/","title":{"rendered":"Kinderkarte"},"content":{"rendered":"<h3><\/h3>\n<h3 style=\"text-align: center;\">F\u00fcr unsere Kleinen abgestimmt in Geschmack und Portionsgr\u00f6\u00dfe<\/h3>\n<h3><\/h3>\n<h3><\/h3>\n<div class=\"columns-wrapper\">\n<h3 class=\"three-columns\" style=\"text-align: center;\"><strong>Spaghetti<\/strong> Bolognese<\/h3>\n<div class=\"three-columns\" style=\"text-align: center;\">mit Hackfleischsauce<\/div>\n<div class=\"three-columns nomargin\" style=\"text-align: center;\">9,90 \u20ac<\/div>\n<\/div>\n<hr \/>\n<div class=\"columns-wrapper\">\n<h3 class=\"three-columns\" style=\"text-align: center;\"><strong>Kinderschnitzel<\/strong><\/h3>\n<div class=\"three-columns\" style=\"text-align: center;\">\n<p>mit Pommes Frites und Salatbukett<\/p>\n<\/div>\n<div class=\"three-columns nomargin\" style=\"text-align: center;\">9,90 \u20ac<\/div>\n<\/div>\n<hr \/>\n<div class=\"columns-wrapper\">\n<h3 class=\"three-columns\" style=\"text-align: center;\"><strong>Seelachsfilet<\/strong><\/h3>\n<div class=\"three-columns\" style=\"text-align: center;\">\n<p>mit Porreekartoffeln und Sauce Hollandaise<\/p>\n<\/div>\n<div class=\"three-columns nomargin\" style=\"text-align: center;\">9,90 \u20ac<\/div>\n<\/div>\n<h3><\/h3>\n<h3><\/h3>\n","protected":false},"excerpt":{"rendered":"<p>F\u00fcr unsere Kleinen abgestimmt in Geschmack und Portionsgr\u00f6\u00dfe Spaghetti Bolognese mit Hackfleischsauce 9,90 \u20ac Kinderschnitzel mit Pommes Frites und Salatbukett 9,90 \u20ac Seelachsfilet mit Porreekartoffeln und Sauce Hollandaise 9,90 \u20ac<\/p>\n","protected":false},"author":2,"featured_media":372,"parent":0,"menu_order":0,"comment_status":"closed","ping_status":"closed","template":"","meta":{"footnotes":""},"class_list":["post-198","page","type-page","status-publish","has-post-thumbnail","hentry"],"_links":{"self":[{"href":"https:\/\/www.dixis-sylt.de\/cms\/wp-json\/wp\/v2\/pages\/198","targetHints":{"allow":["GET"]}}],"collection":[{"href":"https:\/\/www.dixis-sylt.de\/cms\/wp-json\/wp\/v2\/pages"}],"about":[{"href":"https:\/\/www.dixis-sylt.de\/cms\/wp-json\/wp\/v2\/types\/page"}],"author":[{"embeddable":true,"href":"https:\/\/www.dixis-sylt.de\/cms\/wp-json\/wp\/v2\/users\/2"}],"replies":[{"embeddable":true,"href":"https:\/\/www.dixis-sylt.de\/cms\/wp-json\/wp\/v2\/comments?post=198"}],"version-history":[{"count":6,"href":"https:\/\/www.dixis-sylt.de\/cms\/wp-json\/wp\/v2\/pages\/198\/revisions"}],"predecessor-version":[{"id":564,"href":"https:\/\/www.dixis-sylt.de\/cms\/wp-json\/wp\/v2\/pages\/198\/revisions\/564"}],"wp:featuredmedia":[{"embeddable":true,"href":"https:\/\/www.dixis-sylt.de\/cms\/wp-json\/wp\/v2\/media\/372"}],"wp:attachment":[{"href":"https:\/\/www.dixis-sylt.de\/cms\/wp-json\/wp\/v2\/media?parent=198"}],"curies":[{"name":"wp","href":"https:\/\/api.w.org\/{rel}","templated":true}]}}