{"id":196,"date":"2019-12-29T17:31:18","date_gmt":"2019-12-29T16:31:18","guid":{"rendered":"https:\/\/www.dixis-sylt.de\/cms\/?page_id=196"},"modified":"2023-12-27T15:55:46","modified_gmt":"2023-12-27T14:55:46","slug":"pasta-spezialitaeten","status":"publish","type":"page","link":"https:\/\/www.dixis-sylt.de\/cms\/pasta-spezialitaeten\/","title":{"rendered":"Pasta &#8211; Spezialit\u00e4ten"},"content":{"rendered":"<h3><\/h3>\n<h3 style=\"text-align: center;\">Pasta frisch und exquisit zubereitet &#8211; was braucht man mehr?<\/h3>\n<h3><\/h3>\n<h3><\/h3>\n<div class=\"columns-wrapper\">\n<h3 class=\"three-columns\" style=\"text-align: center;\"><strong>Spaghetti &#8211; Bolognese<br \/>\n<\/strong><\/h3>\n<div class=\"three-columns\" style=\"text-align: center;\">mit Hackfleischsauce<\/div>\n<div class=\"three-columns nomargin\" style=\"text-align: center;\">16,90 \u20ac<\/div>\n<\/div>\n<hr \/>\n<div class=\"columns-wrapper\">\n<h3 class=\"three-columns\" style=\"text-align: center;\"><strong>Gem\u00fcse &#8211; Maccaroni &#8211; Pfanne<\/strong><\/h3>\n<div class=\"three-columns\" style=\"text-align: center;\">\n<p>mit Schweinefiletstreifen und Kr\u00e4utern und mit K\u00e4se \u00fcberbacken<\/p>\n<\/div>\n<div class=\"three-columns nomargin\" style=\"text-align: center;\">18,90 \u20ac<\/div>\n<\/div>\n<hr \/>\n<div class=\"columns-wrapper\">\n<h3 class=\"three-columns\" style=\"text-align: center;\"><strong>Bunte Tortellini &#8222;Funghi&#8220;<br \/>\n<\/strong><\/h3>\n<div class=\"three-columns\" style=\"text-align: center;\">\n<p>mit Schinkenstreifen, Champignons und Tomaten in Kr\u00e4utersahnesauce<\/p>\n<\/div>\n<div class=\"three-columns nomargin\" style=\"text-align: center;\">19,90 \u20ac<\/div>\n<\/div>\n<hr \/>\n<div class=\"columns-wrapper\">\n<h3 class=\"three-columns\" style=\"text-align: center;\"><strong>Sahne &#8211; Spaghetti &#8222;Carne&#8220;<\/strong><\/h3>\n<div class=\"three-columns\" style=\"text-align: center;\">mit Kr\u00e4uter-Fleischspie\u00df vom Grill, mit Tomatenw\u00fcrfeln und Knoblauch<\/div>\n<div class=\"three-columns nomargin\" style=\"text-align: center;\">21,90 \u20ac<\/div>\n<\/div>\n<hr \/>\n<div class=\"columns-wrapper\">\n<h3 class=\"three-columns\" style=\"text-align: center;\"><strong>Basilikum &#8211; Tortellini &#8222;Mare&#8220;<\/strong><\/h3>\n<div class=\"three-columns\" style=\"text-align: center;\">bunte Tortellini mit Lachsstreifen, Krabben und Muscheln in Zitronensauce<\/div>\n<div class=\"three-columns nomargin\" style=\"text-align: center;\">21,90 \u20ac<\/div>\n<div><\/div>\n<\/div>\n<hr \/>\n<div class=\"columns-wrapper\">\n<h3 class=\"three-columns\" style=\"text-align: center;\"><strong>Thai &#8211; Gem\u00fcsenudeln<\/strong><\/h3>\n<div class=\"three-columns\" style=\"text-align: center;\">mit gebratenen Garnelen aus dem Wok, mit s\u00fc\u00df-saurer Knoblauch-Soja-Currysauce<\/div>\n<div class=\"three-columns nomargin\" style=\"text-align: center;\">22,90 \u20ac<\/div>\n<\/div>\n<hr \/>\n<div class=\"columns-wrapper\">\n<h3 class=\"three-columns\" style=\"text-align: center;\"><strong>Asia &#8211; Nudeln mit Pute<\/strong><\/h3>\n<div class=\"three-columns\" style=\"text-align: center;\">Bandnudeln mit asiatischem Schmorgem\u00fcse und Putenstreifen in Curry<\/div>\n<div class=\"three-columns nomargin\" style=\"text-align: center;\">20,90 \u20ac<\/div>\n<\/div>\n<hr \/>\n<div class=\"columns-wrapper\">\n<h3 class=\"three-columns\" style=\"text-align: center;\"><strong>Maccaroni &#8222;Gamba&#8220;<\/strong><\/h3>\n<div class=\"three-columns\" style=\"text-align: center;\">in Tomaten-Basilikum-Sauce, mit gegrillten Garnelen<\/div>\n<div class=\"three-columns nomargin\" style=\"text-align: center;\">24,90 \u20ac<\/div>\n<\/div>\n<h3><\/h3>\n<h3><\/h3>\n","protected":false},"excerpt":{"rendered":"<p>Pasta frisch und exquisit zubereitet &#8211; was braucht man mehr? Spaghetti &#8211; Bolognese mit Hackfleischsauce 16,90 \u20ac Gem\u00fcse &#8211; Maccaroni &#8211; Pfanne mit Schweinefiletstreifen und Kr\u00e4utern und mit K\u00e4se \u00fcberbacken 18,90 \u20ac Bunte Tortellini &#8222;Funghi&#8220; mit Schinkenstreifen, Champignons und Tomaten in Kr\u00e4utersahnesauce 19,90 \u20ac Sahne &#8211; Spaghetti &#8222;Carne&#8220; mit Kr\u00e4uter-Fleischspie\u00df vom Grill, mit Tomatenw\u00fcrfeln und [&hellip;]<\/p>\n","protected":false},"author":2,"featured_media":377,"parent":0,"menu_order":0,"comment_status":"closed","ping_status":"closed","template":"","meta":{"footnotes":""},"class_list":["post-196","page","type-page","status-publish","has-post-thumbnail","hentry"],"_links":{"self":[{"href":"https:\/\/www.dixis-sylt.de\/cms\/wp-json\/wp\/v2\/pages\/196","targetHints":{"allow":["GET"]}}],"collection":[{"href":"https:\/\/www.dixis-sylt.de\/cms\/wp-json\/wp\/v2\/pages"}],"about":[{"href":"https:\/\/www.dixis-sylt.de\/cms\/wp-json\/wp\/v2\/types\/page"}],"author":[{"embeddable":true,"href":"https:\/\/www.dixis-sylt.de\/cms\/wp-json\/wp\/v2\/users\/2"}],"replies":[{"embeddable":true,"href":"https:\/\/www.dixis-sylt.de\/cms\/wp-json\/wp\/v2\/comments?post=196"}],"version-history":[{"count":9,"href":"https:\/\/www.dixis-sylt.de\/cms\/wp-json\/wp\/v2\/pages\/196\/revisions"}],"predecessor-version":[{"id":563,"href":"https:\/\/www.dixis-sylt.de\/cms\/wp-json\/wp\/v2\/pages\/196\/revisions\/563"}],"wp:featuredmedia":[{"embeddable":true,"href":"https:\/\/www.dixis-sylt.de\/cms\/wp-json\/wp\/v2\/media\/377"}],"wp:attachment":[{"href":"https:\/\/www.dixis-sylt.de\/cms\/wp-json\/wp\/v2\/media?parent=196"}],"curies":[{"name":"wp","href":"https:\/\/api.w.org\/{rel}","templated":true}]}}