{"id":188,"date":"2019-12-29T17:29:38","date_gmt":"2019-12-29T16:29:38","guid":{"rendered":"https:\/\/www.dixis-sylt.de\/cms\/?page_id=188"},"modified":"2023-12-27T15:42:08","modified_gmt":"2023-12-27T14:42:08","slug":"vorspeisen","status":"publish","type":"page","link":"https:\/\/www.dixis-sylt.de\/cms\/vorspeisen\/","title":{"rendered":"Vorspeisen"},"content":{"rendered":"<h3><\/h3>\n<h3 style=\"text-align: center;\">Unsere Vorspeisenauswahl<\/h3>\n<h3><\/h3>\n<h3><\/h3>\n<div class=\"columns-wrapper\">\n<h3 class=\"three-columns\" style=\"text-align: center;\"><strong>Bruschetta<\/strong><\/h3>\n<div class=\"three-columns\" style=\"text-align: center;\">mit Cherrytomaten, Parmaschinken und Parmesank\u00e4se<\/div>\n<div class=\"three-columns nomargin\" style=\"text-align: center;\">9,90 \u20ac<\/div>\n<\/div>\n<hr \/>\n<div class=\"columns-wrapper\">\n<h3 class=\"three-columns\" style=\"text-align: center;\"><strong>Gebackener\u00a0Scharfsk\u00e4se<\/strong><\/h3>\n<div class=\"three-columns\" style=\"text-align: center;\">mit Knoblauch-Crostini<\/div>\n<div class=\"three-columns nomargin\" style=\"text-align: center;\">10,90 \u20ac<\/div>\n<\/div>\n<hr \/>\n<div class=\"columns-wrapper\">\n<h3 class=\"three-columns\" style=\"text-align: center;\"><strong>Ziegenk\u00e4se<\/strong><\/h3>\n<div class=\"three-columns\" style=\"text-align: center;\">\n<p>mit Tr\u00fcffelhonig \u00fcberbacken, dazu Walnuss- Chicoreesalat<\/p>\n<\/div>\n<div class=\"three-columns nomargin\" style=\"text-align: center;\">13,90 \u20ac<\/div>\n<\/div>\n<hr \/>\n<div class=\"columns-wrapper\">\n<h3 class=\"three-columns\" style=\"text-align: center;\"><strong>Gebackener Camembert<br \/>\n<\/strong><\/h3>\n<div class=\"three-columns\" style=\"text-align: center;\">\n<p>mit Preiselbeeren! Dazu reichen wir Ihnen Toast und Butter<\/p>\n<\/div>\n<div class=\"three-columns nomargin\" style=\"text-align: center;\">13,90 \u20ac<\/div>\n<\/div>\n<hr \/>\n<div class=\"columns-wrapper\">\n<h3 class=\"three-columns\" style=\"text-align: center;\"><strong>Vitello Tonnato<\/strong><\/h3>\n<div class=\"three-columns\" style=\"text-align: center;\">mit Thunfischsauce und Kapern<\/div>\n<div class=\"three-columns nomargin\" style=\"text-align: center;\">14,90 \u20ac<\/div>\n<div><\/div>\n<\/div>\n<hr \/>\n<div class=\"columns-wrapper\">\n<h3 class=\"three-columns\" style=\"text-align: center;\"><strong>Carpaccio<\/strong><\/h3>\n<div class=\"three-columns\" style=\"text-align: center;\">vom Rinderfilet<\/div>\n<div class=\"three-columns nomargin\" style=\"text-align: center;\">16,90 \u20ac<\/div>\n<\/div>\n<hr \/>\n<div class=\"columns-wrapper\">\n<h3 class=\"three-columns\" style=\"text-align: center;\"><strong><b>Dixis Special<\/b><\/strong><\/h3>\n<div class=\"three-columns\" style=\"text-align: center;\">\n<p>Hausgemachte Antipasti und verschiedene Vorspeise- Variationen<\/p>\n<\/div>\n<div class=\"three-columns nomargin\" style=\"text-align: center;\">\u00a019,90 \u20ac<\/div>\n<\/div>\n<h3><\/h3>\n<h3><\/h3>\n","protected":false},"excerpt":{"rendered":"<p>Unsere Vorspeisenauswahl Bruschetta mit Cherrytomaten, Parmaschinken und Parmesank\u00e4se 9,90 \u20ac Gebackener\u00a0Scharfsk\u00e4se mit Knoblauch-Crostini 10,90 \u20ac Ziegenk\u00e4se mit Tr\u00fcffelhonig \u00fcberbacken, dazu Walnuss- Chicoreesalat 13,90 \u20ac Gebackener Camembert mit Preiselbeeren! Dazu reichen wir Ihnen Toast und Butter 13,90 \u20ac Vitello Tonnato mit Thunfischsauce und Kapern 14,90 \u20ac Carpaccio vom Rinderfilet 16,90 \u20ac Dixis Special Hausgemachte Antipasti und [&hellip;]<\/p>\n","protected":false},"author":2,"featured_media":433,"parent":0,"menu_order":0,"comment_status":"closed","ping_status":"closed","template":"","meta":{"footnotes":""},"class_list":["post-188","page","type-page","status-publish","has-post-thumbnail","hentry"],"_links":{"self":[{"href":"https:\/\/www.dixis-sylt.de\/cms\/wp-json\/wp\/v2\/pages\/188","targetHints":{"allow":["GET"]}}],"collection":[{"href":"https:\/\/www.dixis-sylt.de\/cms\/wp-json\/wp\/v2\/pages"}],"about":[{"href":"https:\/\/www.dixis-sylt.de\/cms\/wp-json\/wp\/v2\/types\/page"}],"author":[{"embeddable":true,"href":"https:\/\/www.dixis-sylt.de\/cms\/wp-json\/wp\/v2\/users\/2"}],"replies":[{"embeddable":true,"href":"https:\/\/www.dixis-sylt.de\/cms\/wp-json\/wp\/v2\/comments?post=188"}],"version-history":[{"count":17,"href":"https:\/\/www.dixis-sylt.de\/cms\/wp-json\/wp\/v2\/pages\/188\/revisions"}],"predecessor-version":[{"id":559,"href":"https:\/\/www.dixis-sylt.de\/cms\/wp-json\/wp\/v2\/pages\/188\/revisions\/559"}],"wp:featuredmedia":[{"embeddable":true,"href":"https:\/\/www.dixis-sylt.de\/cms\/wp-json\/wp\/v2\/media\/433"}],"wp:attachment":[{"href":"https:\/\/www.dixis-sylt.de\/cms\/wp-json\/wp\/v2\/media?parent=188"}],"curies":[{"name":"wp","href":"https:\/\/api.w.org\/{rel}","templated":true}]}}