{"id":175,"date":"2019-12-29T17:17:27","date_gmt":"2019-12-29T16:17:27","guid":{"rendered":"https:\/\/www.dixis-sylt.de\/cms\/?page_id=175"},"modified":"2023-02-16T19:18:49","modified_gmt":"2023-02-16T18:18:49","slug":"salate","status":"publish","type":"page","link":"https:\/\/www.dixis-sylt.de\/cms\/salate\/","title":{"rendered":"Salate"},"content":{"rendered":"<h3><\/h3>\n<h3 style=\"text-align: center;\">Unsere Salatvariationen, frisch \u2013 knackig \u2013 lecker<\/h3>\n<h3><\/h3>\n<h3><\/h3>\n<div class=\"columns-wrapper\">\n<h3 class=\"three-columns\" style=\"text-align: center;\">Kleiner gemischter Salat<\/h3>\n<div class=\"three-columns\" style=\"text-align: center;\">Frisch und jahreszeitlich bunt gemischt. Eine abwechslungsreiche Komposition der besten Salatsorten aus vielen L\u00e4ndern.<\/div>\n<div class=\"three-columns nomargin\" style=\"text-align: center;\">6,90 \u20ac<\/div>\n<\/div>\n<hr \/>\n<div class=\"columns-wrapper\">\n<h3 class=\"three-columns\" style=\"text-align: center;\">Eisbergsalat<\/h3>\n<div class=\"three-columns\" style=\"text-align: center;\">\n<p>Der Klassiker &#8211; knackig und frisch!<\/p>\n<\/div>\n<div class=\"three-columns nomargin\" style=\"text-align: center;\">6,50 \u20ac<\/div>\n<\/div>\n<hr \/>\n<div class=\"columns-wrapper\">\n<h3 class=\"three-columns\" style=\"text-align: center;\"><strong>Tomatensalat<\/strong><\/h3>\n<div class=\"three-columns\" style=\"text-align: center;\">\n<p>Sonnengereifte Tomaten mit milden Salatzwiebeln und Essig-\u00d6l-Dressing mit vielen Kr\u00e4utern.<\/p>\n<\/div>\n<div class=\"three-columns nomargin\" style=\"text-align: center;\">6,90 \u20ac<\/div>\n<\/div>\n<hr \/>\n<div class=\"columns-wrapper\">\n<h3 class=\"three-columns\" style=\"text-align: center;\"><strong>Thunfischsalat<\/strong><\/h3>\n<div class=\"three-columns\" style=\"text-align: center;\">Bunte Salate mit Thunfisch und Ei, Zwiebelringen und Tomaten. Dazu reichen wir Ihnen Steak-Brot!<\/div>\n<div class=\"three-columns nomargin\" style=\"text-align: center;\">12,90 \u20ac<\/div>\n<\/div>\n<hr \/>\n<div class=\"columns-wrapper\">\n<h3 class=\"three-columns\" style=\"text-align: center;\"><strong>K\u00fcchenchefsalat<\/strong><\/h3>\n<div class=\"three-columns\" style=\"text-align: center;\">Eisbergsalat und andere Salate. Teile vom hartgekochten Ei, Schinkenstreifen und Schweizer K\u00e4se. Dazu reichen wir Ihnen Steak-Brot!<\/div>\n<div class=\"three-columns nomargin\" style=\"text-align: center;\">13,90 \u20ac<\/div>\n<div><\/div>\n<\/div>\n<hr \/>\n<div class=\"columns-wrapper\">\n<h3 class=\"three-columns\" style=\"text-align: center;\"><strong>Tomaten-Mozarella-Salat<\/strong><\/h3>\n<div class=\"three-columns\" style=\"text-align: center;\">Sonnengereifte Tomaten mit frischem Basilikum und Balsamico-Dressing. Dazu reichen wir Ihnen Brot!<\/div>\n<div class=\"three-columns nomargin\" style=\"text-align: center;\">11,90 \u20ac<\/div>\n<\/div>\n<hr \/>\n<div class=\"columns-wrapper\">\n<h3 class=\"three-columns\" style=\"text-align: center;\"><strong>Griechischer Bauernsalat<\/strong><\/h3>\n<div class=\"three-columns\" style=\"text-align: center;\">Tomaten, Gurken, Zwiebeln, Paprika, Oliven, bunter Salat und Schafsk\u00e4se mit Oliven\u00f6l und Rotweinessig<\/div>\n<div class=\"three-columns nomargin\" style=\"text-align: center;\">12,90 \u20ac<\/div>\n<\/div>\n<h3><\/h3>\n<h3 style=\"text-align: center;\">Zu unseren Salatangeboten w\u00e4hlen Sie beim Dressing nach Ihrem Wunsch:<\/h3>\n<ul class=\"bullet_check imglist\">\n<li>American-Dressing<br \/>\nCremig-mild aus Joghurt, wertvollem Pflanzen\u00f6l und aromatischen Tomaten. Raffiniert gew\u00fcrzt mit Kr\u00e4utern und einem Schuss Rotwein.<\/li>\n<li>Romana-Dressing<br \/>\nAus feinem Rotweinessig, Oliven\u00f6l und vielen Kr\u00e4utern.<\/li>\n<li>French-Dressing<br \/>\nSoftieleicht aus Eigelb und Sonnenblumen\u00f6l mit Gartenkr\u00e4utern, Gew\u00fcrzen und feinem Knoblaucharoma. Pikant!<\/li>\n<\/ul>\n<h3><\/h3>\n<h3><\/h3>\n","protected":false},"excerpt":{"rendered":"<p>Unsere Salatvariationen, frisch \u2013 knackig \u2013 lecker Kleiner gemischter Salat Frisch und jahreszeitlich bunt gemischt. Eine abwechslungsreiche Komposition der besten Salatsorten aus vielen L\u00e4ndern. 6,90 \u20ac Eisbergsalat Der Klassiker &#8211; knackig und frisch! 6,50 \u20ac Tomatensalat Sonnengereifte Tomaten mit milden Salatzwiebeln und Essig-\u00d6l-Dressing mit vielen Kr\u00e4utern. 6,90 \u20ac Thunfischsalat Bunte Salate mit Thunfisch und Ei, [&hellip;]<\/p>\n","protected":false},"author":2,"featured_media":373,"parent":0,"menu_order":0,"comment_status":"closed","ping_status":"closed","template":"","meta":{"footnotes":""},"class_list":["post-175","page","type-page","status-publish","has-post-thumbnail","hentry"],"_links":{"self":[{"href":"https:\/\/www.dixis-sylt.de\/cms\/wp-json\/wp\/v2\/pages\/175","targetHints":{"allow":["GET"]}}],"collection":[{"href":"https:\/\/www.dixis-sylt.de\/cms\/wp-json\/wp\/v2\/pages"}],"about":[{"href":"https:\/\/www.dixis-sylt.de\/cms\/wp-json\/wp\/v2\/types\/page"}],"author":[{"embeddable":true,"href":"https:\/\/www.dixis-sylt.de\/cms\/wp-json\/wp\/v2\/users\/2"}],"replies":[{"embeddable":true,"href":"https:\/\/www.dixis-sylt.de\/cms\/wp-json\/wp\/v2\/comments?post=175"}],"version-history":[{"count":15,"href":"https:\/\/www.dixis-sylt.de\/cms\/wp-json\/wp\/v2\/pages\/175\/revisions"}],"predecessor-version":[{"id":534,"href":"https:\/\/www.dixis-sylt.de\/cms\/wp-json\/wp\/v2\/pages\/175\/revisions\/534"}],"wp:featuredmedia":[{"embeddable":true,"href":"https:\/\/www.dixis-sylt.de\/cms\/wp-json\/wp\/v2\/media\/373"}],"wp:attachment":[{"href":"https:\/\/www.dixis-sylt.de\/cms\/wp-json\/wp\/v2\/media?parent=175"}],"curies":[{"name":"wp","href":"https:\/\/api.w.org\/{rel}","templated":true}]}}