{"id":110,"date":"2019-12-29T16:01:23","date_gmt":"2019-12-29T15:01:23","guid":{"rendered":"https:\/\/www.dixis-sylt.de\/cms\/?page_id=110"},"modified":"2023-12-27T15:44:59","modified_gmt":"2023-12-27T14:44:59","slug":"steak","status":"publish","type":"page","link":"https:\/\/www.dixis-sylt.de\/cms\/steak\/","title":{"rendered":"Steak &#8211; Spezialit\u00e4ten"},"content":{"rendered":"<h3><\/h3>\n<h3 style=\"text-align: center;\">Unsere Steaks kommen direkt vom Lavasteingrill. Zu allen Steak-Gerichten servieren wir Ihnen einen frischen Salat vorweg, unsere Baked Potato mit Sour Creme sowie knuspriges Steakbrot.<\/h3>\n<h3><\/h3>\n<h3><\/h3>\n<div class=\"columns-wrapper\">\n<h3 class=\"three-columns\" style=\"text-align: center;\">Gauchosteak<\/h3>\n<div class=\"three-columns\" style=\"text-align: center;\">ein m\u00e4chtiges Steak aus dem R\u00fccken der ber\u00fchmten Hereford Rinder &#8211; ohne Fett<\/div>\n<div class=\"three-columns nomargin\" style=\"text-align: center;\">250g = 31,90 \u20ac<\/div>\n<\/div>\n<hr \/>\n<div class=\"columns-wrapper\">\n<h3 class=\"three-columns\" style=\"text-align: center;\">Pfeffersteak<\/h3>\n<div class=\"three-columns\" style=\"text-align: center;\">\n<p>das zarte Steak f\u00fcr verw\u00f6hnte Kenner, in einer pikanten Sauce mit gr\u00fcnem Madagaskarpfeffer<\/p>\n<\/div>\n<div class=\"three-columns nomargin\" style=\"text-align: center;\">250g = 32,90 \u20ac<\/div>\n<\/div>\n<hr \/>\n<div class=\"columns-wrapper\">\n<h3 class=\"three-columns\" style=\"text-align: center;\">Rumpsteak<\/h3>\n<div class=\"three-columns\" style=\"text-align: center;\">\n<p>kr\u00e4ftig im Geschmack, mit kleinem Fettrand, der den feinen Eigengeschmack bewahrt<\/p>\n<\/div>\n<div class=\"three-columns nomargin\" style=\"text-align: center;\">200g = 27,90 \u20ac<br \/>\n250g = 30,90 \u20ac<br \/>\n300g = \u00a033,90 \u20ac<\/div>\n<\/div>\n<hr \/>\n<div class=\"columns-wrapper\">\n<h3 class=\"three-columns\" style=\"text-align: center;\"><strong>Filetsteak<\/strong><\/h3>\n<div class=\"three-columns\" style=\"text-align: center;\">das Beste vom Besten! Zartestes St\u00fcck aus der Rinderlende &#8211; ohne Fett<\/div>\n<div class=\"three-columns nomargin\" style=\"text-align: center;\">200g = 31,90 \u20ac<br \/>\n250g = 37,90 \u20ac<\/div>\n<\/div>\n<hr \/>\n<div class=\"columns-wrapper\">\n<h3 class=\"three-columns\" style=\"text-align: center;\"><strong>Ribeyesteak<\/strong><\/h3>\n<div class=\"three-columns\" style=\"text-align: center;\">mit etwas Fett marmoriert. Besonders zart und saftig<\/div>\n<div class=\"three-columns nomargin\" style=\"text-align: center;\">250g = 30,90 \u20ac<br \/>\n400g = 36,90 \u20ac<\/div>\n<div><\/div>\n<\/div>\n<hr \/>\n<div class=\"columns-wrapper\">\n<h3 class=\"three-columns\" style=\"text-align: center;\"><strong>H\u00fcftsteak<\/strong><\/h3>\n<div class=\"three-columns\" style=\"text-align: center;\">aus der Rinderkeule. Fettfrei! Flach portioniert, saftig gegrillt, herzhafter Eigengeschmack<\/div>\n<div class=\"three-columns nomargin\" style=\"text-align: center;\">200g = 19,90 \u20ac<\/div>\n<\/div>\n<hr \/>\n<div class=\"columns-wrapper\">\n<h3 class=\"three-columns\" style=\"text-align: center;\"><strong>Steak &amp; Gambas<\/strong><\/h3>\n<div class=\"three-columns\" style=\"text-align: center;\">Rinderfilet mit gegrillten Gambas in Barbecuesauce<\/div>\n<div class=\"three-columns nomargin\" style=\"text-align: center;\">39,90 \u20ac<\/div>\n<\/div>\n<h3><\/h3>\n","protected":false},"excerpt":{"rendered":"<p>Unsere Steaks kommen direkt vom Lavasteingrill. Zu allen Steak-Gerichten servieren wir Ihnen einen frischen Salat vorweg, unsere Baked Potato mit Sour Creme sowie knuspriges Steakbrot. Gauchosteak ein m\u00e4chtiges Steak aus dem R\u00fccken der ber\u00fchmten Hereford Rinder &#8211; ohne Fett 250g = 31,90 \u20ac Pfeffersteak das zarte Steak f\u00fcr verw\u00f6hnte Kenner, in einer pikanten Sauce mit [&hellip;]<\/p>\n","protected":false},"author":2,"featured_media":374,"parent":0,"menu_order":0,"comment_status":"closed","ping_status":"closed","template":"","meta":{"footnotes":""},"class_list":["post-110","page","type-page","status-publish","has-post-thumbnail","hentry"],"_links":{"self":[{"href":"https:\/\/www.dixis-sylt.de\/cms\/wp-json\/wp\/v2\/pages\/110","targetHints":{"allow":["GET"]}}],"collection":[{"href":"https:\/\/www.dixis-sylt.de\/cms\/wp-json\/wp\/v2\/pages"}],"about":[{"href":"https:\/\/www.dixis-sylt.de\/cms\/wp-json\/wp\/v2\/types\/page"}],"author":[{"embeddable":true,"href":"https:\/\/www.dixis-sylt.de\/cms\/wp-json\/wp\/v2\/users\/2"}],"replies":[{"embeddable":true,"href":"https:\/\/www.dixis-sylt.de\/cms\/wp-json\/wp\/v2\/comments?post=110"}],"version-history":[{"count":56,"href":"https:\/\/www.dixis-sylt.de\/cms\/wp-json\/wp\/v2\/pages\/110\/revisions"}],"predecessor-version":[{"id":560,"href":"https:\/\/www.dixis-sylt.de\/cms\/wp-json\/wp\/v2\/pages\/110\/revisions\/560"}],"wp:featuredmedia":[{"embeddable":true,"href":"https:\/\/www.dixis-sylt.de\/cms\/wp-json\/wp\/v2\/media\/374"}],"wp:attachment":[{"href":"https:\/\/www.dixis-sylt.de\/cms\/wp-json\/wp\/v2\/media?parent=110"}],"curies":[{"name":"wp","href":"https:\/\/api.w.org\/{rel}","templated":true}]}}